{"id":187,"date":"2021-11-24T09:11:05","date_gmt":"2021-11-24T08:11:05","guid":{"rendered":"http:\/\/www.lotta-holmgren.com\/?page_id=187"},"modified":"2026-04-15T07:53:14","modified_gmt":"2026-04-15T05:53:14","slug":"187-2","status":"publish","type":"page","link":"https:\/\/www.lotta-holmgren.com\/index.php\/187-2\/","title":{"rendered":"\u00d6ppettider"},"content":{"rendered":"\n<p><\/p>\n\n\n\n<p><strong>Sommar\u00f6ppet 2026 &#8211; d\u00e4r fasta \u00f6ppettider kommer att vara 25 juni &#8211; 2 augusti, <\/strong><\/p>\n\n\n\n<p><strong>torsdagar &#8211; s\u00f6ndagar mellan kl. 12-15. <\/strong><\/p>\n\n\n\n<p><strong>OBS! Torsdagen den 23 juli s\u00e5 \u00e4r det dock st\u00e4ngt! <\/strong>Vi firar n\u00e4mligen v\u00e5r br\u00f6llopsdag!!<\/p>\n\n\n\n<p><strong>Varmt v\u00e4lkomna!<\/strong><\/p>\n\n\n\n<p>Vill man bes\u00f6ka mig andra tider och dagar, h\u00f6r av er s\u00e5 bokar vi in tid och dag som passar!<\/p>\n\n\n\n<p>Mejladress info@lotta-holmgren.com och <strong>mobil 070-372 01 50.<\/strong> <\/p>\n\n\n\n<figure class=\"wp-block-image size-large\"><img loading=\"lazy\" decoding=\"async\" width=\"1024\" height=\"512\" src=\"http:\/\/www.lotta-holmgren.com\/wp-content\/uploads\/2021\/11\/Drake-1024x512.jpg\" alt=\"\" class=\"wp-image-79\" srcset=\"https:\/\/www.lotta-holmgren.com\/wp-content\/uploads\/2021\/11\/Drake-1024x512.jpg 1024w, https:\/\/www.lotta-holmgren.com\/wp-content\/uploads\/2021\/11\/Drake-300x150.jpg 300w, https:\/\/www.lotta-holmgren.com\/wp-content\/uploads\/2021\/11\/Drake-768x384.jpg 768w, https:\/\/www.lotta-holmgren.com\/wp-content\/uploads\/2021\/11\/Drake-1536x768.jpg 1536w, https:\/\/www.lotta-holmgren.com\/wp-content\/uploads\/2021\/11\/Drake-800x400.jpg 800w, https:\/\/www.lotta-holmgren.com\/wp-content\/uploads\/2021\/11\/Drake.jpg 1600w\" sizes=\"auto, (max-width: 1024px) 100vw, 1024px\" \/><\/figure>\n\n\n\n<p><\/p>\n","protected":false},"excerpt":{"rendered":"<p>Sommar\u00f6ppet 2026 &#8211; d\u00e4r fasta \u00f6ppettider kommer att vara 25 juni &#8211; 2 augusti, torsdagar &#8211; s\u00f6ndagar mellan kl. 12-15. OBS! Torsdagen den 23 juli s\u00e5 \u00e4r det dock st\u00e4ngt! Vi firar n\u00e4mligen v\u00e5r br\u00f6llopsdag!! Varmt v\u00e4lkomna! Vill man bes\u00f6ka mig andra tider och dagar, h\u00f6r av er s\u00e5 bokar vi in tid och dag [&hellip;]<\/p>\n","protected":false},"author":1,"featured_media":76,"parent":0,"menu_order":0,"comment_status":"closed","ping_status":"closed","template":"","meta":{"_genesis_hide_title":false,"_genesis_hide_breadcrumbs":false,"_genesis_hide_singular_image":false,"_genesis_hide_footer_widgets":false,"_genesis_custom_body_class":"","_genesis_custom_post_class":"","_genesis_layout":"","ngg_post_thumbnail":0,"footnotes":""},"class_list":{"0":"post-187","1":"page","2":"type-page","3":"status-publish","4":"has-post-thumbnail","6":"entry"},"featured_image_src":"https:\/\/www.lotta-holmgren.com\/wp-content\/uploads\/2021\/11\/Dunbollar-600x400.jpg","featured_image_src_square":"https:\/\/www.lotta-holmgren.com\/wp-content\/uploads\/2021\/11\/Dunbollar-600x600.jpg","_links":{"self":[{"href":"https:\/\/www.lotta-holmgren.com\/index.php\/wp-json\/wp\/v2\/pages\/187","targetHints":{"allow":["GET"]}}],"collection":[{"href":"https:\/\/www.lotta-holmgren.com\/index.php\/wp-json\/wp\/v2\/pages"}],"about":[{"href":"https:\/\/www.lotta-holmgren.com\/index.php\/wp-json\/wp\/v2\/types\/page"}],"author":[{"embeddable":true,"href":"https:\/\/www.lotta-holmgren.com\/index.php\/wp-json\/wp\/v2\/users\/1"}],"replies":[{"embeddable":true,"href":"https:\/\/www.lotta-holmgren.com\/index.php\/wp-json\/wp\/v2\/comments?post=187"}],"version-history":[{"count":17,"href":"https:\/\/www.lotta-holmgren.com\/index.php\/wp-json\/wp\/v2\/pages\/187\/revisions"}],"predecessor-version":[{"id":410,"href":"https:\/\/www.lotta-holmgren.com\/index.php\/wp-json\/wp\/v2\/pages\/187\/revisions\/410"}],"wp:featuredmedia":[{"embeddable":true,"href":"https:\/\/www.lotta-holmgren.com\/index.php\/wp-json\/wp\/v2\/media\/76"}],"wp:attachment":[{"href":"https:\/\/www.lotta-holmgren.com\/index.php\/wp-json\/wp\/v2\/media?parent=187"}],"curies":[{"name":"wp","href":"https:\/\/api.w.org\/{rel}","templated":true}]}}