{"id":9,"date":"2021-11-18T14:04:52","date_gmt":"2021-11-18T13:04:52","guid":{"rendered":"http:\/\/www.lotta-holmgren.com\/index.php\/about-us\/"},"modified":"2024-08-14T10:20:28","modified_gmt":"2024-08-14T08:20:28","slug":"about-us","status":"publish","type":"page","link":"https:\/\/www.lotta-holmgren.com\/index.php\/about-us\/","title":{"rendered":"Om mig"},"content":{"rendered":"\n<p>F\u00f6r mig \u00e4r v\u00e5r natur, fantasi och humor, tre mycket viktiga ingredienser. Redan 1984 b\u00f6rjade jag anv\u00e4nda mig av naturformade tr\u00e4stycken som \u201dduk\u201d f\u00f6r min konst och har allt sedan dess utvecklat denna konstart. Jag har en helt egen metod d\u00e4r motiven best\u00e4ms av tr\u00e4styckets formation d\u00e4r rovdjur, ugglor och fantasidjur f\u00e5r liv. De flesta av skulpturerna h\u00e4ngs p\u00e5 v\u00e4ggen, men m\u00e5nga sv\u00e4var \u00e4ven fritt i linor eller st\u00e5r p\u00e5 golvet. Jag arbetar \u00e4ven i andra material s\u00e5som mdf-board, byggplywood, sj\u00e4lvtorkande lera, dukar, papper och stora v\u00e4ggm\u00e5lningar. 1995 hoppade jag av mitt fasta arbete, startade mitt f\u00f6retag Art of Lapland och satsade helt p\u00e5 konsten och p\u00e5 den v\u00e4gen \u00e4r det \u2026. <br>\u00c4r Ni intresserad av n\u00e5got konstverk eller en utsmyckning av ert hem eller f\u00f6retag, s\u00e5 \u00e4r ni v\u00e4lkommen att kontakta mig via <a href=\"mailto:info@lotta-holmgren.com\">info@lotta-holmgren.com<\/a> eller mobil 070-372 01 50.<\/p>\n\n\n\n<p>Under \u00e5rens lopp s\u00e5 har jag deltagit i en rad utst\u00e4llningar runt om i Sverige, men \u00e4ven n\u00e5gra utanf\u00f6r landets gr\u00e4nser. Jag var en av de konstn\u00e4rer som 2023 vid den jurybed\u00f6mda H\u00f6stsalongen deltog i Sara Kulturhus i Skellefte\u00e5. Under \u00e5ren som g\u00e5tt, s\u00e5 har jag \u00e4ven deltagit i n\u00e5gra utst\u00e4llningar vid V\u00e4sterbottens Museum, Skellefte\u00e5 Museum, Norrbysk\u00e4rs Museum, Romele Konsthall, Kiruna Stadshus, Virsbo Konsthall, Skogsmus\u00e9et i Lycksele, Naturhistoriska Mus\u00e9et i Mo i Rana, Nordisk Konst vid Sky City p\u00e5 Arlanda, samt en rad olika gallerier och konstf\u00f6reningar. N\u00e5gra av alla dessa utst\u00e4llningar har varit jurybed\u00f6mda. Ett par utst\u00e4llningar som jag s\u00e4rskilt minns \u00e4r min utst\u00e4llning i Hotell Borgafj\u00e4ll 2001 tillsammans med den legendariska samiska konstn\u00e4ren Lars Pirak, samt n\u00e4r jag var en av tolv svenska konstn\u00e4rer som deltog i utst\u00e4llningen Svensk Konst i Br\u00fcssel 1998, d\u00e5 man invigde Sweden House intill EU-parlamentet.<\/p>\n\n\n\n<p>\u00c5r 2023 erh\u00f6ll jag Norrlandsf\u00f6rbundets Olof H\u00f6gbergs guldplakett f\u00f6r min kulturella g\u00e4rning h\u00e4r i inlandets glesbygd och den 9 april 2024 gjorde SVTs GoKv\u00e4ll ett reportage d\u00e4r jag ber\u00e4ttade om min konst och mitt liv som konstn\u00e4r h\u00e4r p\u00e5 Farfarsg\u00e5rden.<\/p>\n\n\n\n<p>En rad f\u00f6retagsutsmyckningar och offentliga uppdrag har det ocks\u00e5 blivit. F\u00f6r att n\u00e4mna n\u00e5gra s\u00e5 kan jag b\u00f6rja med det senaste 2021 och 2023, som \u00e4r mitt st\u00f6rsta projekt hittills, d\u00e5 jag m\u00e5lade stora mossiga stenar p\u00e5 murarna vid b\u00e5da bj\u00f6rnh\u00e4gnen i Lycksele Djurpark. Det f\u00f6rsta h\u00e4gnets m\u00e5lning 2021, var 90 meter l\u00e5ng och p\u00e5 sina st\u00e4llen 6 meter h\u00f6g, och det andra h\u00e4gnet 2023, var 75 meter l\u00e5ng och p\u00e5 sina st\u00e4llen 8 meter h\u00f6g. Jag har m\u00e5lat fler stora konstverk, som en 32 meter l\u00e5ng muralm\u00e5lning f\u00f6rest\u00e4llande sagor vid en f\u00f6rskola i Norsj\u00f6 2015, utsmyckat Nya Resecentrum i Norsj\u00f6 med b\u00e5de m\u00e5lningar och skulpturer 2016, och ett par Antroposofiska hem i Nederl\u00e4nderna har smyckats med konstverk under 2000-talet b\u00e5de inom och utomhus, samt Lycksele Airport som smyckades med tre konstverk 2007, varav en var en sv\u00e4vande j\u00e4tteuggla som m\u00e4ter 420 x 210 cm. Min f\u00f6rsta stora utsmyckning som blev starten p\u00e5 mina framg\u00e5ngar var dock n\u00e4r jag st\u00e4llde ut vid Nordisk Konst p\u00e5 Sky City 1996 och Luftfartsverket k\u00f6pte in fyra av mina st\u00f6rsta konstverk till foaj\u00e9n vid deras konferenshotell p\u00e5 Sky City. Jag blev d\u00e5 bjuden p\u00e5 en flygresa tur och retur fr\u00e5n Storuman, bara f\u00f6r att peka ut var konstverken skulle h\u00e4ngas. Jag kallar den resan f\u00f6r Den Stora Pekresan\u2026.<\/p>\n\n\n<div class=\"wp-block-image\">\n<figure class=\"aligncenter size-full is-resized\"><img loading=\"lazy\" decoding=\"async\" width=\"150\" height=\"99\" src=\"http:\/\/www.lotta-holmgren.com\/wp-content\/uploads\/2021\/11\/Nyckelpiga.jpg\" alt=\"\" class=\"wp-image-225\" style=\"width:68px;height:45px\"\/><\/figure>\n<\/div>\n\n\n<p>Genomg\u00e5ende i alla mina konstverk s\u00e5 finner man en liten nyckelpiga som \u00e4r en symbol f\u00f6r den lycka och frihet jag k\u00e4nner i mitt skapande. Skapandet ger liv\u2026<\/p>\n\n\n\n<p>Lotta<\/p>\n\n\n\n<div class=\"wp-block-columns alignwide has-2-columns is-layout-flex wp-container-core-columns-is-layout-9d6595d7 wp-block-columns-is-layout-flex\">\n<div class=\"wp-block-column is-layout-flow wp-block-column-is-layout-flow\">\n<figure class=\"wp-block-image size-large\"><img loading=\"lazy\" decoding=\"async\" width=\"1024\" height=\"512\" src=\"http:\/\/www.lotta-holmgren.com\/wp-content\/uploads\/2021\/11\/Om-mig-1024x512.jpg\" alt=\"\" class=\"wp-image-49\" srcset=\"https:\/\/www.lotta-holmgren.com\/wp-content\/uploads\/2021\/11\/Om-mig-1024x512.jpg 1024w, https:\/\/www.lotta-holmgren.com\/wp-content\/uploads\/2021\/11\/Om-mig-300x150.jpg 300w, https:\/\/www.lotta-holmgren.com\/wp-content\/uploads\/2021\/11\/Om-mig-768x384.jpg 768w, https:\/\/www.lotta-holmgren.com\/wp-content\/uploads\/2021\/11\/Om-mig-1536x768.jpg 1536w, https:\/\/www.lotta-holmgren.com\/wp-content\/uploads\/2021\/11\/Om-mig-800x400.jpg 800w, https:\/\/www.lotta-holmgren.com\/wp-content\/uploads\/2021\/11\/Om-mig-1600x800.jpg 1600w, https:\/\/www.lotta-holmgren.com\/wp-content\/uploads\/2021\/11\/Om-mig.jpg 2048w\" sizes=\"auto, (max-width: 1024px) 100vw, 1024px\" \/><\/figure>\n<\/div>\n<\/div>\n","protected":false},"excerpt":{"rendered":"<p>F\u00f6r mig \u00e4r v\u00e5r natur, fantasi och humor, tre mycket viktiga ingredienser. Redan 1984 b\u00f6rjade jag anv\u00e4nda mig av naturformade tr\u00e4stycken som \u201dduk\u201d f\u00f6r min konst och har allt sedan dess utvecklat denna konstart. Jag har en helt egen metod d\u00e4r motiven best\u00e4ms av tr\u00e4styckets formation d\u00e4r rovdjur, ugglor och fantasidjur f\u00e5r liv. De flesta [&hellip;]<\/p>\n","protected":false},"author":1,"featured_media":49,"parent":0,"menu_order":0,"comment_status":"closed","ping_status":"closed","template":"","meta":{"_genesis_hide_title":false,"_genesis_hide_breadcrumbs":false,"_genesis_hide_singular_image":false,"_genesis_hide_footer_widgets":false,"_genesis_custom_body_class":"","_genesis_custom_post_class":"","_genesis_layout":"full-width-content","ngg_post_thumbnail":0,"footnotes":""},"class_list":{"0":"post-9","1":"page","2":"type-page","3":"status-publish","4":"has-post-thumbnail","6":"entry"},"featured_image_src":"https:\/\/www.lotta-holmgren.com\/wp-content\/uploads\/2021\/11\/Om-mig-600x400.jpg","featured_image_src_square":"https:\/\/www.lotta-holmgren.com\/wp-content\/uploads\/2021\/11\/Om-mig-600x600.jpg","_links":{"self":[{"href":"https:\/\/www.lotta-holmgren.com\/index.php\/wp-json\/wp\/v2\/pages\/9","targetHints":{"allow":["GET"]}}],"collection":[{"href":"https:\/\/www.lotta-holmgren.com\/index.php\/wp-json\/wp\/v2\/pages"}],"about":[{"href":"https:\/\/www.lotta-holmgren.com\/index.php\/wp-json\/wp\/v2\/types\/page"}],"author":[{"embeddable":true,"href":"https:\/\/www.lotta-holmgren.com\/index.php\/wp-json\/wp\/v2\/users\/1"}],"replies":[{"embeddable":true,"href":"https:\/\/www.lotta-holmgren.com\/index.php\/wp-json\/wp\/v2\/comments?post=9"}],"version-history":[{"count":8,"href":"https:\/\/www.lotta-holmgren.com\/index.php\/wp-json\/wp\/v2\/pages\/9\/revisions"}],"predecessor-version":[{"id":373,"href":"https:\/\/www.lotta-holmgren.com\/index.php\/wp-json\/wp\/v2\/pages\/9\/revisions\/373"}],"wp:featuredmedia":[{"embeddable":true,"href":"https:\/\/www.lotta-holmgren.com\/index.php\/wp-json\/wp\/v2\/media\/49"}],"wp:attachment":[{"href":"https:\/\/www.lotta-holmgren.com\/index.php\/wp-json\/wp\/v2\/media?parent=9"}],"curies":[{"name":"wp","href":"https:\/\/api.w.org\/{rel}","templated":true}]}}